{"id":28549,"date":"2023-01-16T17:33:11","date_gmt":"2023-01-16T17:33:11","guid":{"rendered":"https:\/\/des.gbsfinance.com?page_id=28549"},"modified":"2023-07-07T08:19:24","modified_gmt":"2023-07-07T08:19:24","slug":"finanzas-corporativas","status":"publish","type":"page","link":"https:\/\/des.gbsfinance.com\/es\/servicios\/finanzas-corporativas\/","title":{"rendered":"Corporate Finance"},"content":{"rendered":"\t\t<div data-elementor-type=\"wp-page\" data-elementor-id=\"28549\" class=\"elementor elementor-28549 elementor-34\" data-elementor-post-type=\"page\">\n\t\t\t\t\t\t\t\t\t<section class=\"elementor-section elementor-top-section elementor-element elementor-element-cd92c83 elementor-section-full_width elementor-section-height-default elementor-section-height-default\" data-id=\"cd92c83\" data-element_type=\"section\" data-settings=\"{&quot;background_background&quot;:&quot;classic&quot;}\">\n\t\t\t\t\t\t<div class=\"elementor-container elementor-column-gap-default\">\n\t\t\t\t\t<div class=\"elementor-column elementor-col-100 elementor-top-column elementor-element elementor-element-434bd0d\" data-id=\"434bd0d\" data-element_type=\"column\">\n\t\t\t<div class=\"elementor-widget-wrap elementor-element-populated\">\n\t\t\t\t\t\t\t\t<div class=\"elementor-element elementor-element-0c3f93d elementor-widget elementor-widget-heading\" data-id=\"0c3f93d\" data-element_type=\"widget\" data-widget_type=\"heading.default\">\n\t\t\t\t<div class=\"elementor-widget-container\">\n\t\t\t<style>\/*! elementor - v3.18.0 - 08-12-2023 *\/\n.elementor-heading-title{padding:0;margin:0;line-height:1}.elementor-widget-heading .elementor-heading-title[class*=elementor-size-]>a{color:inherit;font-size:inherit;line-height:inherit}.elementor-widget-heading .elementor-heading-title.elementor-size-small{font-size:15px}.elementor-widget-heading .elementor-heading-title.elementor-size-medium{font-size:19px}.elementor-widget-heading .elementor-heading-title.elementor-size-large{font-size:29px}.elementor-widget-heading .elementor-heading-title.elementor-size-xl{font-size:39px}.elementor-widget-heading .elementor-heading-title.elementor-size-xxl{font-size:59px}<\/style><h2 class=\"elementor-heading-title elementor-size-default\">Corporate Finance<\/h2>\t\t<\/div>\n\t\t\t\t<\/div>\n\t\t\t\t<div class=\"elementor-element elementor-element-6b01088 elementor-widget elementor-widget-text-editor\" data-id=\"6b01088\" data-element_type=\"widget\" data-widget_type=\"text-editor.default\">\n\t\t\t\t<div class=\"elementor-widget-container\">\n\t\t\t<style>\/*! elementor - v3.18.0 - 08-12-2023 *\/\n.elementor-widget-text-editor.elementor-drop-cap-view-stacked .elementor-drop-cap{background-color:#69727d;color:#fff}.elementor-widget-text-editor.elementor-drop-cap-view-framed .elementor-drop-cap{color:#69727d;border:3px solid;background-color:transparent}.elementor-widget-text-editor:not(.elementor-drop-cap-view-default) .elementor-drop-cap{margin-top:8px}.elementor-widget-text-editor:not(.elementor-drop-cap-view-default) .elementor-drop-cap-letter{width:1em;height:1em}.elementor-widget-text-editor .elementor-drop-cap{float:left;text-align:center;line-height:1;font-size:50px}.elementor-widget-text-editor .elementor-drop-cap-letter{display:inline-block}<\/style>\t\t\t\t<p class=\"frase-intro-page\">Entre nuestros clientes se encuentran muchas de las principales multinacionales, entidades que cotizan en bolsa y empresas familiares de todos los pa\u00edses en los que GBS Finance est\u00e1 presente<\/p>\t\t\t\t\t\t<\/div>\n\t\t\t\t<\/div>\n\t\t\t\t\t<\/div>\n\t\t<\/div>\n\t\t\t\t\t\t\t<\/div>\n\t\t<\/section>\n\t\t\t\t<section class=\"elementor-section elementor-top-section elementor-element elementor-element-256dc3e elementor-section-full_width elementor-section-height-default elementor-section-height-default\" data-id=\"256dc3e\" data-element_type=\"section\">\n\t\t\t\t\t\t<div class=\"elementor-container elementor-column-gap-default\">\n\t\t\t\t\t<div class=\"elementor-column elementor-col-100 elementor-top-column elementor-element elementor-element-0c4b336\" data-id=\"0c4b336\" data-element_type=\"column\">\n\t\t\t<div class=\"elementor-widget-wrap elementor-element-populated\">\n\t\t\t\t\t\t\t\t<div class=\"elementor-element elementor-element-24c4447f elementor-widget elementor-widget-text-editor\" data-id=\"24c4447f\" data-element_type=\"widget\" data-widget_type=\"text-editor.default\">\n\t\t\t\t<div class=\"elementor-widget-container\">\n\t\t\t\t\t\t\t<p>El \u00e1rea de Corporate Finance es referencia en asesoramiento corporativo en la Pen\u00ednsula Ib\u00e9rica, Latinoam\u00e9rica y China. Contamos con un historial de m\u00e1s de 385 operaciones asesoradas con \u00e9xito manteniendo un enfoque generalista en el mercado. Nuestros servicios de asesoramiento incluyen fusiones y adquisiciones, servicio de la deuda y mercados de capitales.<\/p>\t\t\t\t\t\t<\/div>\n\t\t\t\t<\/div>\n\t\t\t\t\t<\/div>\n\t\t<\/div>\n\t\t\t\t\t\t\t<\/div>\n\t\t<\/section>\n\t\t\t\t<section class=\"elementor-section elementor-top-section elementor-element elementor-element-55119d9 elementor-section-boxed elementor-section-height-default elementor-section-height-default\" data-id=\"55119d9\" data-element_type=\"section\">\n\t\t\t\t\t\t<div class=\"elementor-container elementor-column-gap-default\">\n\t\t\t\t\t<div class=\"elementor-column elementor-col-100 elementor-top-column elementor-element elementor-element-6665e26\" data-id=\"6665e26\" data-element_type=\"column\">\n\t\t\t<div class=\"elementor-widget-wrap elementor-element-populated\">\n\t\t\t\t\t\t\t\t<div class=\"elementor-element elementor-element-ae0991c elementor-widget elementor-widget-heading\" data-id=\"ae0991c\" data-element_type=\"widget\" data-widget_type=\"heading.default\">\n\t\t\t\t<div class=\"elementor-widget-container\">\n\t\t\t<h5 class=\"elementor-heading-title elementor-size-default\">Nuestros servicios de asesoramiento incluyen:<\/h5>\t\t<\/div>\n\t\t\t\t<\/div>\n\t\t\t\t\t<\/div>\n\t\t<\/div>\n\t\t\t\t\t\t\t<\/div>\n\t\t<\/section>\n\t\t\t\t<section class=\"elementor-section elementor-top-section elementor-element elementor-element-4f3f7ed4 elementor-section-full_width elementor-section-height-default elementor-section-height-default\" data-id=\"4f3f7ed4\" data-element_type=\"section\">\n\t\t\t\t\t\t<div class=\"elementor-container elementor-column-gap-extended\">\n\t\t\t\t\t<div class=\"elementor-column elementor-col-25 elementor-top-column elementor-element elementor-element-31e31c5\" data-id=\"31e31c5\" data-element_type=\"column\" data-settings=\"{&quot;background_background&quot;:&quot;classic&quot;}\">\n\t\t\t<div class=\"elementor-widget-wrap elementor-element-populated\">\n\t\t\t\t\t\t\t\t<div class=\"elementor-element elementor-element-55cfa52b elementor-widget elementor-widget-image\" data-id=\"55cfa52b\" data-element_type=\"widget\" data-widget_type=\"image.default\">\n\t\t\t\t<div class=\"elementor-widget-container\">\n\t\t\t<style>\/*! elementor - v3.18.0 - 08-12-2023 *\/\n.elementor-widget-image{text-align:center}.elementor-widget-image a{display:inline-block}.elementor-widget-image a img[src$=\".svg\"]{width:48px}.elementor-widget-image img{vertical-align:middle;display:inline-block}<\/style>\t\t\t\t\t\t\t\t\t\t\t\t<img fetchpriority=\"high\" decoding=\"async\" width=\"1920\" height=\"1280\" src=\"https:\/\/des.gbsfinance.com\/wp-content\/uploads\/2023\/03\/samson-ZGjbiukp_-A-unsplash-1.jpg\" class=\"attachment-2048x2048 size-2048x2048 wp-image-24379\" alt=\"\" srcset=\"https:\/\/des.gbsfinance.com\/wp-content\/uploads\/2023\/03\/samson-ZGjbiukp_-A-unsplash-1.jpg 1920w, https:\/\/des.gbsfinance.com\/wp-content\/uploads\/2023\/03\/samson-ZGjbiukp_-A-unsplash-1-300x200.jpg 300w, https:\/\/des.gbsfinance.com\/wp-content\/uploads\/2023\/03\/samson-ZGjbiukp_-A-unsplash-1-1024x683.jpg 1024w, https:\/\/des.gbsfinance.com\/wp-content\/uploads\/2023\/03\/samson-ZGjbiukp_-A-unsplash-1-768x512.jpg 768w, https:\/\/des.gbsfinance.com\/wp-content\/uploads\/2023\/03\/samson-ZGjbiukp_-A-unsplash-1-1536x1024.jpg 1536w\" sizes=\"(max-width: 1920px) 100vw, 1920px\" \/>\t\t\t\t\t\t\t\t\t\t\t\t\t\t\t<\/div>\n\t\t\t\t<\/div>\n\t\t\t\t<div class=\"elementor-element elementor-element-3832ae7b elementor-widget elementor-widget-heading\" data-id=\"3832ae7b\" data-element_type=\"widget\" data-widget_type=\"heading.default\">\n\t\t\t\t<div class=\"elementor-widget-container\">\n\t\t\t<h3 class=\"elementor-heading-title elementor-size-default\">Fusiones y adquisiciones<\/h3>\t\t<\/div>\n\t\t\t\t<\/div>\n\t\t\t\t<div class=\"elementor-element elementor-element-1e1df19f elementor-widget elementor-widget-text-editor\" data-id=\"1e1df19f\" data-element_type=\"widget\" data-widget_type=\"text-editor.default\">\n\t\t\t\t<div class=\"elementor-widget-container\">\n\t\t\t\t\t\t\t<ul>\n<li>Desinversiones y adquisiciones de empresas<\/li>\n<li>Operaciones apalancadas (LBO, MBO, MBI)<\/li>\n<li>Fusiones y empresas conjuntas<\/li>\n<li>Reestructuraci\u00f3n del capital<\/li>\n<li>Spin-offs<\/li>\n<\/ul>\n\t\t\t\t\t\t<\/div>\n\t\t\t\t<\/div>\n\t\t\t\t\t<\/div>\n\t\t<\/div>\n\t\t\t\t<div class=\"elementor-column elementor-col-25 elementor-top-column elementor-element elementor-element-1b10d780\" data-id=\"1b10d780\" data-element_type=\"column\" data-settings=\"{&quot;background_background&quot;:&quot;classic&quot;}\">\n\t\t\t<div class=\"elementor-widget-wrap elementor-element-populated\">\n\t\t\t\t\t\t\t\t<div class=\"elementor-element elementor-element-e29cfcf elementor-widget elementor-widget-image\" data-id=\"e29cfcf\" data-element_type=\"widget\" data-widget_type=\"image.default\">\n\t\t\t\t<div class=\"elementor-widget-container\">\n\t\t\t\t\t\t\t\t\t\t\t\t\t\t\t<img decoding=\"async\" width=\"2048\" height=\"1365\" src=\"https:\/\/des.gbsfinance.com\/wp-content\/uploads\/2023\/03\/charles-forerunner-3fPXt37X6UQ-unsplash-2048x1365.jpg\" class=\"attachment-2048x2048 size-2048x2048 wp-image-24387\" alt=\"\" srcset=\"https:\/\/des.gbsfinance.com\/wp-content\/uploads\/2023\/03\/charles-forerunner-3fPXt37X6UQ-unsplash-2048x1365.jpg 2048w, https:\/\/des.gbsfinance.com\/wp-content\/uploads\/2023\/03\/charles-forerunner-3fPXt37X6UQ-unsplash-300x200.jpg 300w, https:\/\/des.gbsfinance.com\/wp-content\/uploads\/2023\/03\/charles-forerunner-3fPXt37X6UQ-unsplash-1024x683.jpg 1024w, https:\/\/des.gbsfinance.com\/wp-content\/uploads\/2023\/03\/charles-forerunner-3fPXt37X6UQ-unsplash-768x512.jpg 768w, https:\/\/des.gbsfinance.com\/wp-content\/uploads\/2023\/03\/charles-forerunner-3fPXt37X6UQ-unsplash-1536x1024.jpg 1536w\" sizes=\"(max-width: 2048px) 100vw, 2048px\" \/>\t\t\t\t\t\t\t\t\t\t\t\t\t\t\t<\/div>\n\t\t\t\t<\/div>\n\t\t\t\t<div class=\"elementor-element elementor-element-115d06b4 elementor-widget elementor-widget-heading\" data-id=\"115d06b4\" data-element_type=\"widget\" data-widget_type=\"heading.default\">\n\t\t\t\t<div class=\"elementor-widget-container\">\n\t\t\t<h3 class=\"elementor-heading-title elementor-size-default\">Servicios de la deuda<\/h3>\t\t<\/div>\n\t\t\t\t<\/div>\n\t\t\t\t<div class=\"elementor-element elementor-element-2a3da500 elementor-widget elementor-widget-text-editor\" data-id=\"2a3da500\" data-element_type=\"widget\" data-widget_type=\"text-editor.default\">\n\t\t\t\t<div class=\"elementor-widget-container\">\n\t\t\t\t\t\t\t<p>Asesoramos y negociamos soluciones independientes de financiaci\u00f3n de deuda vinculadas a operaciones de financiaci\u00f3n de empresas:<\/p>\n<ul>\n<li>Financiaci\u00f3n de adquisiciones<\/li>\n<li>Financiaci\u00f3n b\u00e1sica<\/li>\n<li>Refinanciaci\u00f3n<\/li>\n<li>Pr\u00e9stamos directos<\/li>\n<li>Colocaciones privadas<\/li>\n<\/ul>\n\t\t\t\t\t\t<\/div>\n\t\t\t\t<\/div>\n\t\t\t\t\t<\/div>\n\t\t<\/div>\n\t\t\t\t<div class=\"elementor-column elementor-col-25 elementor-top-column elementor-element elementor-element-788782a9\" data-id=\"788782a9\" data-element_type=\"column\" data-settings=\"{&quot;background_background&quot;:&quot;classic&quot;}\">\n\t\t\t<div class=\"elementor-widget-wrap elementor-element-populated\">\n\t\t\t\t\t\t\t\t<div class=\"elementor-element elementor-element-7132f423 elementor-widget elementor-widget-image\" data-id=\"7132f423\" data-element_type=\"widget\" data-widget_type=\"image.default\">\n\t\t\t\t<div class=\"elementor-widget-container\">\n\t\t\t\t\t\t\t\t\t\t\t\t\t\t\t<img decoding=\"async\" width=\"1920\" height=\"1280\" src=\"https:\/\/des.gbsfinance.com\/wp-content\/uploads\/2023\/03\/nick-chong-N__BnvQ_w18-unsplash.jpg\" class=\"attachment-2048x2048 size-2048x2048 wp-image-24381\" alt=\"\" srcset=\"https:\/\/des.gbsfinance.com\/wp-content\/uploads\/2023\/03\/nick-chong-N__BnvQ_w18-unsplash.jpg 1920w, https:\/\/des.gbsfinance.com\/wp-content\/uploads\/2023\/03\/nick-chong-N__BnvQ_w18-unsplash-300x200.jpg 300w, https:\/\/des.gbsfinance.com\/wp-content\/uploads\/2023\/03\/nick-chong-N__BnvQ_w18-unsplash-1024x683.jpg 1024w, https:\/\/des.gbsfinance.com\/wp-content\/uploads\/2023\/03\/nick-chong-N__BnvQ_w18-unsplash-768x512.jpg 768w, https:\/\/des.gbsfinance.com\/wp-content\/uploads\/2023\/03\/nick-chong-N__BnvQ_w18-unsplash-1536x1024.jpg 1536w\" sizes=\"(max-width: 1920px) 100vw, 1920px\" \/>\t\t\t\t\t\t\t\t\t\t\t\t\t\t\t<\/div>\n\t\t\t\t<\/div>\n\t\t\t\t<div class=\"elementor-element elementor-element-5541f224 elementor-widget elementor-widget-heading\" data-id=\"5541f224\" data-element_type=\"widget\" data-widget_type=\"heading.default\">\n\t\t\t\t<div class=\"elementor-widget-container\">\n\t\t\t<h3 class=\"elementor-heading-title elementor-size-default\">Mercados de capitales<\/h3>\t\t<\/div>\n\t\t\t\t<\/div>\n\t\t\t\t<div class=\"elementor-element elementor-element-622411d0 elementor-widget elementor-widget-text-editor\" data-id=\"622411d0\" data-element_type=\"widget\" data-widget_type=\"text-editor.default\">\n\t\t\t\t<div class=\"elementor-widget-container\">\n\t\t\t\t\t\t\t<ul>\n<li>Pre-IPO<\/li>\n<li>Ampliaciones de capital<\/li>\n<li>Opiniones imparciales<\/li>\n<li>Defensa de la toma de posesi\u00f3n<\/li>\n<\/ul>\n\t\t\t\t\t\t<\/div>\n\t\t\t\t<\/div>\n\t\t\t\t\t<\/div>\n\t\t<\/div>\n\t\t\t\t<div class=\"elementor-column elementor-col-25 elementor-top-column elementor-element elementor-element-67686520\" data-id=\"67686520\" data-element_type=\"column\" data-settings=\"{&quot;background_background&quot;:&quot;classic&quot;}\">\n\t\t\t<div class=\"elementor-widget-wrap elementor-element-populated\">\n\t\t\t\t\t\t\t\t<div class=\"elementor-element elementor-element-66acbbfa elementor-widget elementor-widget-image\" data-id=\"66acbbfa\" data-element_type=\"widget\" data-widget_type=\"image.default\">\n\t\t\t\t<div class=\"elementor-widget-container\">\n\t\t\t\t\t\t\t\t\t\t\t\t\t\t\t<img loading=\"lazy\" decoding=\"async\" width=\"1920\" height=\"1289\" src=\"https:\/\/des.gbsfinance.com\/wp-content\/uploads\/2023\/03\/hector-j-rivas-1FxMET2U5dU-unsplash.jpg\" class=\"attachment-2048x2048 size-2048x2048 wp-image-24383\" alt=\"\" srcset=\"https:\/\/des.gbsfinance.com\/wp-content\/uploads\/2023\/03\/hector-j-rivas-1FxMET2U5dU-unsplash.jpg 1920w, https:\/\/des.gbsfinance.com\/wp-content\/uploads\/2023\/03\/hector-j-rivas-1FxMET2U5dU-unsplash-300x201.jpg 300w, https:\/\/des.gbsfinance.com\/wp-content\/uploads\/2023\/03\/hector-j-rivas-1FxMET2U5dU-unsplash-1024x687.jpg 1024w, https:\/\/des.gbsfinance.com\/wp-content\/uploads\/2023\/03\/hector-j-rivas-1FxMET2U5dU-unsplash-768x516.jpg 768w, https:\/\/des.gbsfinance.com\/wp-content\/uploads\/2023\/03\/hector-j-rivas-1FxMET2U5dU-unsplash-1536x1031.jpg 1536w\" sizes=\"(max-width: 1920px) 100vw, 1920px\" \/>\t\t\t\t\t\t\t\t\t\t\t\t\t\t\t<\/div>\n\t\t\t\t<\/div>\n\t\t\t\t<div class=\"elementor-element elementor-element-78b0842 elementor-widget elementor-widget-heading\" data-id=\"78b0842\" data-element_type=\"widget\" data-widget_type=\"heading.default\">\n\t\t\t\t<div class=\"elementor-widget-container\">\n\t\t\t<h3 class=\"elementor-heading-title elementor-size-default\">Asesoramiento estrat\u00e9gico<\/h3>\t\t<\/div>\n\t\t\t\t<\/div>\n\t\t\t\t<div class=\"elementor-element elementor-element-6b2c21b elementor-widget elementor-widget-text-editor\" data-id=\"6b2c21b\" data-element_type=\"widget\" data-widget_type=\"text-editor.default\">\n\t\t\t\t<div class=\"elementor-widget-container\">\n\t\t\t\t\t\t\t<ul>\n<li>Alianzas estrat\u00e9gicas<\/li>\n<li>Reestructuraci\u00f3n de empresas<\/li>\n<li>Revisiones estrat\u00e9gicas relacionadas con las fusiones y adquisiciones<\/li>\n<li>Participaci\u00f3n en el Consejo de Administraci\u00f3n<\/li>\n<\/ul>\n\t\t\t\t\t\t<\/div>\n\t\t\t\t<\/div>\n\t\t\t\t\t<\/div>\n\t\t<\/div>\n\t\t\t\t\t\t\t<\/div>\n\t\t<\/section>\n\t\t\t\t<section class=\"elementor-section elementor-top-section elementor-element elementor-element-7d3319dc elementor-section-full_width elementor-section-height-default elementor-section-height-default\" data-id=\"7d3319dc\" data-element_type=\"section\">\n\t\t\t\t\t\t<div class=\"elementor-container elementor-column-gap-default\">\n\t\t\t\t\t<div class=\"elementor-column elementor-col-100 elementor-top-column elementor-element elementor-element-968bea3\" data-id=\"968bea3\" data-element_type=\"column\">\n\t\t\t<div class=\"elementor-widget-wrap elementor-element-populated\">\n\t\t\t\t\t\t\t\t<div class=\"elementor-element elementor-element-737501cb elementor-widget elementor-widget-heading\" data-id=\"737501cb\" data-element_type=\"widget\" data-widget_type=\"heading.default\">\n\t\t\t\t<div class=\"elementor-widget-container\">\n\t\t\t<h4 class=\"elementor-heading-title elementor-size-default\">\u00daltimas operaciones de Corporate Finance<br><\/h4>\t\t<\/div>\n\t\t\t\t<\/div>\n\t\t\t\t<div class=\"elementor-element elementor-element-7142c6d2 elementor-align-center elementor-widget elementor-widget-button\" data-id=\"7142c6d2\" data-element_type=\"widget\" data-widget_type=\"button.default\">\n\t\t\t\t<div class=\"elementor-widget-container\">\n\t\t\t\t\t<div class=\"elementor-button-wrapper\">\n\t\t\t<a class=\"elementor-button elementor-button-link elementor-size-sm\" href=\"https:\/\/des.gbsfinance.com?page_id=7\">\n\t\t\t\t\t\t<span class=\"elementor-button-content-wrapper\">\n\t\t\t\t\t\t<span class=\"elementor-button-icon elementor-align-icon-right\">\n\t\t\t\t<i aria-hidden=\"true\" class=\"fas fa-angle-right\"><\/i>\t\t\t<\/span>\n\t\t\t\t\t\t<span class=\"elementor-button-text\">Ver todas todas las transacciones<\/span>\n\t\t<\/span>\n\t\t\t\t\t<\/a>\n\t\t<\/div>\n\t\t\t\t<\/div>\n\t\t\t\t<\/div>\n\t\t\t\t\t<\/div>\n\t\t<\/div>\n\t\t\t\t\t\t\t<\/div>\n\t\t<\/section>\n\t\t\t\t<section class=\"elementor-section elementor-top-section elementor-element elementor-element-7143fbc elementor-section-full_width elementor-section-height-default elementor-section-height-default\" data-id=\"7143fbc\" data-element_type=\"section\" data-settings=\"{&quot;background_background&quot;:&quot;gradient&quot;}\">\n\t\t\t\t\t\t<div class=\"elementor-container elementor-column-gap-default\">\n\t\t\t\t\t<div class=\"elementor-column elementor-col-100 elementor-top-column elementor-element elementor-element-d78c994\" data-id=\"d78c994\" data-element_type=\"column\">\n\t\t\t<div class=\"elementor-widget-wrap elementor-element-populated\">\n\t\t\t\t\t\t\t\t<div class=\"elementor-element elementor-element-f135c0c elementor-widget elementor-widget-heading\" data-id=\"f135c0c\" data-element_type=\"widget\" data-widget_type=\"heading.default\">\n\t\t\t\t<div class=\"elementor-widget-container\">\n\t\t\t<h4 class=\"elementor-heading-title elementor-size-default\">Equipo de Corporate Finance<\/h4>\t\t<\/div>\n\t\t\t\t<\/div>\n\t\t\t\t<div class=\"elementor-element elementor-element-f888635 elementor-align-center elementor-widget elementor-widget-button\" data-id=\"f888635\" data-element_type=\"widget\" data-widget_type=\"button.default\">\n\t\t\t\t<div class=\"elementor-widget-container\">\n\t\t\t\t\t<div class=\"elementor-button-wrapper\">\n\t\t\t<a class=\"elementor-button elementor-button-link elementor-size-sm\" href=\"https:\/\/des.gbsfinance.com?page_id=42\">\n\t\t\t\t\t\t<span class=\"elementor-button-content-wrapper\">\n\t\t\t\t\t\t<span class=\"elementor-button-icon elementor-align-icon-right\">\n\t\t\t\t<i aria-hidden=\"true\" class=\"fas fa-angle-right\"><\/i>\t\t\t<\/span>\n\t\t\t\t\t\t<span class=\"elementor-button-text\">Ver todo el equipo<\/span>\n\t\t<\/span>\n\t\t\t\t\t<\/a>\n\t\t<\/div>\n\t\t\t\t<\/div>\n\t\t\t\t<\/div>\n\t\t\t\t\t<\/div>\n\t\t<\/div>\n\t\t\t\t\t\t\t<\/div>\n\t\t<\/section>\n\t\t\t\t\t\t\t<\/div>\n\t\t","protected":false},"excerpt":{"rendered":"<p>Corporate Finance Entre nuestros clientes se encuentran muchas de las principales multinacionales, entidades que cotizan en bolsa y empresas familiares de todos los pa\u00edses en los que GBS Finance est\u00e1 presente El \u00e1rea de Corporate Finance es referencia en asesoramiento corporativo en la Pen\u00ednsula Ib\u00e9rica, Latinoam\u00e9rica y China. Contamos con un historial de m\u00e1s de [&hellip;]<\/p>\n","protected":false},"author":1,"featured_media":0,"parent":28564,"menu_order":0,"comment_status":"closed","ping_status":"closed","template":"","meta":{"footnotes":""},"class_list":["post-28549","page","type-page","status-publish","hentry"],"acf":[],"_links":{"self":[{"href":"https:\/\/des.gbsfinance.com\/es\/wp-json\/wp\/v2\/pages\/28549","targetHints":{"allow":["GET"]}}],"collection":[{"href":"https:\/\/des.gbsfinance.com\/es\/wp-json\/wp\/v2\/pages"}],"about":[{"href":"https:\/\/des.gbsfinance.com\/es\/wp-json\/wp\/v2\/types\/page"}],"author":[{"embeddable":true,"href":"https:\/\/des.gbsfinance.com\/es\/wp-json\/wp\/v2\/users\/1"}],"replies":[{"embeddable":true,"href":"https:\/\/des.gbsfinance.com\/es\/wp-json\/wp\/v2\/comments?post=28549"}],"version-history":[{"count":17,"href":"https:\/\/des.gbsfinance.com\/es\/wp-json\/wp\/v2\/pages\/28549\/revisions"}],"predecessor-version":[{"id":30510,"href":"https:\/\/des.gbsfinance.com\/es\/wp-json\/wp\/v2\/pages\/28549\/revisions\/30510"}],"up":[{"embeddable":true,"href":"https:\/\/des.gbsfinance.com\/es\/wp-json\/wp\/v2\/pages\/28564"}],"wp:attachment":[{"href":"https:\/\/des.gbsfinance.com\/es\/wp-json\/wp\/v2\/media?parent=28549"}],"curies":[{"name":"wp","href":"https:\/\/api.w.org\/{rel}","templated":true}]}}