{"id":28528,"date":"2023-01-16T17:35:14","date_gmt":"2023-01-16T17:35:14","guid":{"rendered":"https:\/\/des.gbsfinance.com?page_id=28528"},"modified":"2023-07-07T09:34:34","modified_gmt":"2023-07-07T09:34:34","slug":"equipo-de-finanzas-corporativas","status":"publish","type":"page","link":"https:\/\/des.gbsfinance.com\/es\/sobre-nosotros\/equipo-de-finanzas-corporativas\/","title":{"rendered":"Equipo de Corporate Finance"},"content":{"rendered":"\t\t<div data-elementor-type=\"wp-page\" data-elementor-id=\"28528\" class=\"elementor elementor-28528 elementor-42\" data-elementor-post-type=\"page\">\n\t\t\t\t\t\t\t\t\t<section class=\"elementor-section elementor-top-section elementor-element elementor-element-785df50c elementor-section-full_width elementor-section-height-default elementor-section-height-default\" data-id=\"785df50c\" data-element_type=\"section\" data-settings=\"{&quot;background_background&quot;:&quot;classic&quot;}\">\n\t\t\t\t\t\t<div class=\"elementor-container elementor-column-gap-default\">\n\t\t\t\t\t<div class=\"elementor-column elementor-col-100 elementor-top-column elementor-element elementor-element-3352d364\" data-id=\"3352d364\" data-element_type=\"column\">\n\t\t\t<div class=\"elementor-widget-wrap elementor-element-populated\">\n\t\t\t\t\t\t\t\t<div class=\"elementor-element elementor-element-b0fdc0 elementor-widget elementor-widget-heading\" data-id=\"b0fdc0\" data-element_type=\"widget\" data-widget_type=\"heading.default\">\n\t\t\t\t<div class=\"elementor-widget-container\">\n\t\t\t<style>\/*! elementor - v3.18.0 - 08-12-2023 *\/\n.elementor-heading-title{padding:0;margin:0;line-height:1}.elementor-widget-heading .elementor-heading-title[class*=elementor-size-]>a{color:inherit;font-size:inherit;line-height:inherit}.elementor-widget-heading .elementor-heading-title.elementor-size-small{font-size:15px}.elementor-widget-heading .elementor-heading-title.elementor-size-medium{font-size:19px}.elementor-widget-heading .elementor-heading-title.elementor-size-large{font-size:29px}.elementor-widget-heading .elementor-heading-title.elementor-size-xl{font-size:39px}.elementor-widget-heading .elementor-heading-title.elementor-size-xxl{font-size:59px}<\/style><h2 class=\"elementor-heading-title elementor-size-default\">Corporate Finance<\/h2>\t\t<\/div>\n\t\t\t\t<\/div>\n\t\t\t\t<div class=\"elementor-element elementor-element-11d8755e elementor-widget elementor-widget-text-editor\" data-id=\"11d8755e\" data-element_type=\"widget\" data-widget_type=\"text-editor.default\">\n\t\t\t\t<div class=\"elementor-widget-container\">\n\t\t\t<style>\/*! elementor - v3.18.0 - 08-12-2023 *\/\n.elementor-widget-text-editor.elementor-drop-cap-view-stacked .elementor-drop-cap{background-color:#69727d;color:#fff}.elementor-widget-text-editor.elementor-drop-cap-view-framed .elementor-drop-cap{color:#69727d;border:3px solid;background-color:transparent}.elementor-widget-text-editor:not(.elementor-drop-cap-view-default) .elementor-drop-cap{margin-top:8px}.elementor-widget-text-editor:not(.elementor-drop-cap-view-default) .elementor-drop-cap-letter{width:1em;height:1em}.elementor-widget-text-editor .elementor-drop-cap{float:left;text-align:center;line-height:1;font-size:50px}.elementor-widget-text-editor .elementor-drop-cap-letter{display:inline-block}<\/style>\t\t\t\t<p>GBS Finance ofrece asesoramiento de primer nivel para una gran variedad de servicios de M&amp;A en un amplio abanico de sectores<\/p>\t\t\t\t\t\t<\/div>\n\t\t\t\t<\/div>\n\t\t\t\t\t<\/div>\n\t\t<\/div>\n\t\t\t\t\t\t\t<\/div>\n\t\t<\/section>\n\t\t\t\t<section class=\"elementor-section elementor-top-section elementor-element elementor-element-1ed268bc elementor-section-full_width elementor-section-height-default elementor-section-height-default\" data-id=\"1ed268bc\" data-element_type=\"section\">\n\t\t\t\t\t\t<div class=\"elementor-container elementor-column-gap-default\">\n\t\t\t\t\t<div class=\"elementor-column elementor-col-100 elementor-top-column elementor-element elementor-element-73f0dc32\" data-id=\"73f0dc32\" data-element_type=\"column\">\n\t\t\t<div class=\"elementor-widget-wrap elementor-element-populated\">\n\t\t\t\t\t\t\t\t<div class=\"elementor-element elementor-element-2ebb356d elementor-widget elementor-widget-text-editor\" data-id=\"2ebb356d\" data-element_type=\"widget\" data-widget_type=\"text-editor.default\">\n\t\t\t\t<div class=\"elementor-widget-container\">\n\t\t\t\t\t\t\t<p>Nuestro equipo tiene gran experiencia en el asesoramiento de primer nivel para una gran variedad de servicios de M&amp;A en un amplio abanico de sectores. Proporcionamos el mejor apoyo a la hora de ejecutar la transacci\u00f3n adecuada para todo tipo de empresas, con foco en el middle market y con una amplia experiencia de m\u00e1s de 30 a\u00f1os.<\/p>\t\t\t\t\t\t<\/div>\n\t\t\t\t<\/div>\n\t\t\t\t\t<\/div>\n\t\t<\/div>\n\t\t\t\t\t\t\t<\/div>\n\t\t<\/section>\n\t\t\t\t<section class=\"elementor-section elementor-top-section elementor-element elementor-element-7ef8413 elementor-section-full_width elementor-section-height-default elementor-section-height-default\" data-id=\"7ef8413\" data-element_type=\"section\">\n\t\t\t\t\t\t<div class=\"elementor-container elementor-column-gap-extended\">\n\t\t\t\t\t<div class=\"elementor-column elementor-col-100 elementor-top-column elementor-element elementor-element-48976a6\" data-id=\"48976a6\" data-element_type=\"column\">\n\t\t\t<div class=\"elementor-widget-wrap\">\n\t\t\t\t\t\t\t\t\t<\/div>\n\t\t<\/div>\n\t\t\t\t\t\t\t<\/div>\n\t\t<\/section>\n\t\t\t\t<section class=\"elementor-section elementor-top-section elementor-element elementor-element-c7a361f elementor-section-full_width elementor-section-height-default elementor-section-height-default\" data-id=\"c7a361f\" data-element_type=\"section\">\n\t\t\t\t\t\t<div class=\"elementor-container elementor-column-gap-extended\">\n\t\t\t\t\t<div class=\"elementor-column elementor-col-100 elementor-top-column elementor-element elementor-element-b78de9c\" data-id=\"b78de9c\" data-element_type=\"column\">\n\t\t\t<div class=\"elementor-widget-wrap elementor-element-populated\">\n\t\t\t\t\t\t\t\t<div class=\"elementor-element elementor-element-ca9bb77 jet-smart-filter-content-position-column jet-smart-filter-group-position-column elementor-widget elementor-widget-jet-smart-filters-select\" data-id=\"ca9bb77\" data-element_type=\"widget\" data-widget_type=\"jet-smart-filters-select.default\">\n\t\t\t\t<div class=\"elementor-widget-container\">\n\t\t\t<div class=\"jet-smart-filters-select jet-filter \" data-indexer-rule=\"show\" data-show-counter=\"\" data-change-counter=\"always\"><div class=\"jet-select\" data-query-type=\"tax_query\" data-query-var=\"category\" data-smart-filter=\"select\" data-filter-id=\"28444\" data-apply-type=\"ajax\" data-content-provider=\"epro-loop-builder\" data-additional-providers=\"\" data-query-id=\"default\" data-active-label=\"\" data-layout-options=\"{&quot;show_label&quot;:&quot;&quot;,&quot;display_options&quot;:{&quot;show_items_label&quot;:false,&quot;show_decorator&quot;:false,&quot;filter_image_size&quot;:&quot;full&quot;,&quot;show_counter&quot;:false}}\" data-query-var-suffix=\"\">\n\t\t\t\t<select\n\t\t\tclass=\"jet-select__control\"\n\t\t\tname=\"category\"\n\t\t\t\t\t>\n\t\t\n\t\t\t\t\t\t\t\t\t<option\n\t\t\t\t\tvalue=\"\"\n\t\t\t\t\tdata-label=\"Select...\"\n\t\t\t\t\tdata-counter-prefix=\"\"\n\t\t\t\t\tdata-counter-suffix=\"\"\n\t\t\t\t\t\t\t\t\t>Select...<\/option>\n\t\t\t\t\t\t\t\t\t\t<option\n\t\t\t\t\tvalue=\"327\"\n\t\t\t\t\tdata-label=\"1. Socios\"\n\t\t\t\t\tdata-counter-prefix=\"\"\n\t\t\t\t\tdata-counter-suffix=\"\"\n\t\t\t\t\t\t\t\t\t>1. Socios<\/option>\n\t\t\t\t\t\t\t\t\t\t<option\n\t\t\t\t\tvalue=\"332\"\n\t\t\t\t\tdata-label=\"2. Senior Advisors\"\n\t\t\t\t\tdata-counter-prefix=\"\"\n\t\t\t\t\tdata-counter-suffix=\"\"\n\t\t\t\t\t\t\t\t\t>2. Senior Advisors<\/option>\n\t\t\t\t\t\t\t\t\t\t<option\n\t\t\t\t\tvalue=\"329\"\n\t\t\t\t\tdata-label=\"3. Directores\"\n\t\t\t\t\tdata-counter-prefix=\"\"\n\t\t\t\t\tdata-counter-suffix=\"\"\n\t\t\t\t\t\t\t\t\t>3. Directores<\/option>\n\t\t\t\t\t\t\t\t\t\t<option\n\t\t\t\t\tvalue=\"326\"\n\t\t\t\t\tdata-label=\"4. Equipo profesional\"\n\t\t\t\t\tdata-counter-prefix=\"\"\n\t\t\t\t\tdata-counter-suffix=\"\"\n\t\t\t\t\t\t\t\t\t>4. Equipo profesional<\/option>\n\t\t\t<\/select>\n\t<\/div>\n<\/div>\t\t<\/div>\n\t\t\t\t<\/div>\n\t\t\t\t\t<\/div>\n\t\t<\/div>\n\t\t\t\t\t\t\t<\/div>\n\t\t<\/section>\n\t\t\t\t\t\t\t<\/div>\n\t\t","protected":false},"excerpt":{"rendered":"<p>Corporate Finance GBS Finance ofrece asesoramiento de primer nivel para una gran variedad de servicios de M&amp;A en un amplio abanico de sectores Nuestro equipo tiene gran experiencia en el asesoramiento de primer nivel para una gran variedad de servicios de M&amp;A en un amplio abanico de sectores. Proporcionamos el mejor apoyo a la hora [&hellip;]<\/p>\n","protected":false},"author":1,"featured_media":0,"parent":28546,"menu_order":0,"comment_status":"closed","ping_status":"closed","template":"","meta":{"footnotes":""},"class_list":["post-28528","page","type-page","status-publish","hentry"],"acf":[],"_links":{"self":[{"href":"https:\/\/des.gbsfinance.com\/es\/wp-json\/wp\/v2\/pages\/28528","targetHints":{"allow":["GET"]}}],"collection":[{"href":"https:\/\/des.gbsfinance.com\/es\/wp-json\/wp\/v2\/pages"}],"about":[{"href":"https:\/\/des.gbsfinance.com\/es\/wp-json\/wp\/v2\/types\/page"}],"author":[{"embeddable":true,"href":"https:\/\/des.gbsfinance.com\/es\/wp-json\/wp\/v2\/users\/1"}],"replies":[{"embeddable":true,"href":"https:\/\/des.gbsfinance.com\/es\/wp-json\/wp\/v2\/comments?post=28528"}],"version-history":[{"count":39,"href":"https:\/\/des.gbsfinance.com\/es\/wp-json\/wp\/v2\/pages\/28528\/revisions"}],"predecessor-version":[{"id":30580,"href":"https:\/\/des.gbsfinance.com\/es\/wp-json\/wp\/v2\/pages\/28528\/revisions\/30580"}],"up":[{"embeddable":true,"href":"https:\/\/des.gbsfinance.com\/es\/wp-json\/wp\/v2\/pages\/28546"}],"wp:attachment":[{"href":"https:\/\/des.gbsfinance.com\/es\/wp-json\/wp\/v2\/media?parent=28528"}],"curies":[{"name":"wp","href":"https:\/\/api.w.org\/{rel}","templated":true}]}}