{"id":28507,"date":"2023-01-16T17:35:57","date_gmt":"2023-01-16T17:35:57","guid":{"rendered":"https:\/\/des.gbsfinance.com?page_id=28507"},"modified":"2023-05-23T14:19:03","modified_gmt":"2023-05-23T14:19:03","slug":"rsc","status":"publish","type":"page","link":"https:\/\/des.gbsfinance.com\/es\/sobre-nosotros\/rsc\/","title":{"rendered":"RSC"},"content":{"rendered":"\t\t<div data-elementor-type=\"wp-page\" data-elementor-id=\"28507\" class=\"elementor elementor-28507 elementor-21\" data-elementor-post-type=\"page\">\n\t\t\t\t\t\t\t\t\t<section class=\"elementor-section elementor-top-section elementor-element elementor-element-32aba68e elementor-section-full_width elementor-section-height-default elementor-section-height-default\" data-id=\"32aba68e\" data-element_type=\"section\" data-settings=\"{&quot;background_background&quot;:&quot;classic&quot;}\">\n\t\t\t\t\t\t<div class=\"elementor-container elementor-column-gap-default\">\n\t\t\t\t\t<div class=\"elementor-column elementor-col-100 elementor-top-column elementor-element elementor-element-56489e5a\" data-id=\"56489e5a\" data-element_type=\"column\">\n\t\t\t<div class=\"elementor-widget-wrap elementor-element-populated\">\n\t\t\t\t\t\t\t\t<div class=\"elementor-element elementor-element-3da1ce98 elementor-widget elementor-widget-heading\" data-id=\"3da1ce98\" data-element_type=\"widget\" data-widget_type=\"heading.default\">\n\t\t\t\t<div class=\"elementor-widget-container\">\n\t\t\t<style>\/*! elementor - v3.18.0 - 08-12-2023 *\/\n.elementor-heading-title{padding:0;margin:0;line-height:1}.elementor-widget-heading .elementor-heading-title[class*=elementor-size-]>a{color:inherit;font-size:inherit;line-height:inherit}.elementor-widget-heading .elementor-heading-title.elementor-size-small{font-size:15px}.elementor-widget-heading .elementor-heading-title.elementor-size-medium{font-size:19px}.elementor-widget-heading .elementor-heading-title.elementor-size-large{font-size:29px}.elementor-widget-heading .elementor-heading-title.elementor-size-xl{font-size:39px}.elementor-widget-heading .elementor-heading-title.elementor-size-xxl{font-size:59px}<\/style><h2 class=\"elementor-heading-title elementor-size-default\">RSC<\/h2>\t\t<\/div>\n\t\t\t\t<\/div>\n\t\t\t\t<div class=\"elementor-element elementor-element-94867c elementor-widget elementor-widget-text-editor\" data-id=\"94867c\" data-element_type=\"widget\" data-widget_type=\"text-editor.default\">\n\t\t\t\t<div class=\"elementor-widget-container\">\n\t\t\t<style>\/*! elementor - v3.18.0 - 08-12-2023 *\/\n.elementor-widget-text-editor.elementor-drop-cap-view-stacked .elementor-drop-cap{background-color:#69727d;color:#fff}.elementor-widget-text-editor.elementor-drop-cap-view-framed .elementor-drop-cap{color:#69727d;border:3px solid;background-color:transparent}.elementor-widget-text-editor:not(.elementor-drop-cap-view-default) .elementor-drop-cap{margin-top:8px}.elementor-widget-text-editor:not(.elementor-drop-cap-view-default) .elementor-drop-cap-letter{width:1em;height:1em}.elementor-widget-text-editor .elementor-drop-cap{float:left;text-align:center;line-height:1;font-size:50px}.elementor-widget-text-editor .elementor-drop-cap-letter{display:inline-block}<\/style>\t\t\t\t<p class=\"frase-intro-page\">Nuestras actividades empresariales se gu\u00edan siempre por criterios \u00e9ticos y socialmente responsables<\/p>\n\t\t\t\t\t\t<\/div>\n\t\t\t\t<\/div>\n\t\t\t\t\t<\/div>\n\t\t<\/div>\n\t\t\t\t\t\t\t<\/div>\n\t\t<\/section>\n\t\t\t\t<section class=\"elementor-section elementor-top-section elementor-element elementor-element-34ba18c6 elementor-section-full_width elementor-section-height-default elementor-section-height-default\" data-id=\"34ba18c6\" data-element_type=\"section\">\n\t\t\t\t\t\t<div class=\"elementor-container elementor-column-gap-default\">\n\t\t\t\t\t<div class=\"elementor-column elementor-col-50 elementor-top-column elementor-element elementor-element-111c7112\" data-id=\"111c7112\" data-element_type=\"column\">\n\t\t\t<div class=\"elementor-widget-wrap elementor-element-populated\">\n\t\t\t\t\t\t\t\t<div class=\"elementor-element elementor-element-3a5857b2 elementor-widget elementor-widget-text-editor\" data-id=\"3a5857b2\" data-element_type=\"widget\" data-widget_type=\"text-editor.default\">\n\t\t\t\t<div class=\"elementor-widget-container\">\n\t\t\t\t\t\t\t<p>La gesti\u00f3n de la Responsabilidad Social Corporativa (RSC) de GBS Finance pretende alinear nuestros intereses econ\u00f3micos y sociales en la misma direcci\u00f3n. Por ello, adem\u00e1s del estricto cumplimiento de las obligaciones morales, \u00e9ticas y legales, colaboramos voluntariamente con empresas de acci\u00f3n social que promueven el desarrollo social, cultural y cient\u00edfico de la sociedad. Nuestra dedicaci\u00f3n a la responsabilidad social corporativa nos ha llevado a convertirnos en <strong><a href=\"https:\/\/www.amigosmuseoprado.org\/es\/amigos\/patronos-internacionales\" target=\"_blank\" rel=\"noopener noreferrer\">Patronos Internacionales del Museo del<\/a><\/strong> Prado<strong>.<\/strong> GBS Finance, entre otras actividades:<\/p><ul><li>Ha desarrollado programas de formaci\u00f3n interna para nuestros empleados.<\/li><li>Realiza donaciones a ONGs.<\/li><li>Apoya a organizaciones que favorecen la investigaci\u00f3n m\u00e9dica.<\/li><li>Promueve actividades culturales.<\/li><li>Colabora con<a href=\"http:\/\/www.creas.org.es\/\" target=\"_blank\" rel=\"noopener noreferrer\"> <strong>Fundaci\u00f3n Creas<\/strong><\/a>: fondo de capital riesgo centrado en inversiones sociales, a trav\u00e9s del estudio de la viabilidad financiera de los proyectos.<\/li><li>Colabor\u00f3 en la creaci\u00f3n de dos escuelas en \u00c1frica (Sud\u00e1n y Tanzania).<\/li><\/ul>\t\t\t\t\t\t<\/div>\n\t\t\t\t<\/div>\n\t\t\t\t\t<\/div>\n\t\t<\/div>\n\t\t\t\t<div class=\"elementor-column elementor-col-50 elementor-top-column elementor-element elementor-element-c51e3e5\" data-id=\"c51e3e5\" data-element_type=\"column\">\n\t\t\t<div class=\"elementor-widget-wrap elementor-element-populated\">\n\t\t\t\t\t\t\t\t<div class=\"elementor-element elementor-element-b8df3b1 elementor-widget elementor-widget-image\" data-id=\"b8df3b1\" data-element_type=\"widget\" data-widget_type=\"image.default\">\n\t\t\t\t<div class=\"elementor-widget-container\">\n\t\t\t<style>\/*! elementor - v3.18.0 - 08-12-2023 *\/\n.elementor-widget-image{text-align:center}.elementor-widget-image a{display:inline-block}.elementor-widget-image a img[src$=\".svg\"]{width:48px}.elementor-widget-image img{vertical-align:middle;display:inline-block}<\/style>\t\t\t\t\t\t\t\t\t\t\t\t<img fetchpriority=\"high\" decoding=\"async\" width=\"800\" height=\"867\" src=\"https:\/\/des.gbsfinance.com\/wp-content\/uploads\/2023\/03\/Imagen1-945x1024.png\" class=\"attachment-large size-large wp-image-24633\" alt=\"\" srcset=\"https:\/\/des.gbsfinance.com\/wp-content\/uploads\/2023\/03\/Imagen1-945x1024.png 945w, https:\/\/des.gbsfinance.com\/wp-content\/uploads\/2023\/03\/Imagen1-277x300.png 277w, https:\/\/des.gbsfinance.com\/wp-content\/uploads\/2023\/03\/Imagen1-768x832.png 768w, https:\/\/des.gbsfinance.com\/wp-content\/uploads\/2023\/03\/Imagen1.png 1038w\" sizes=\"(max-width: 800px) 100vw, 800px\" \/>\t\t\t\t\t\t\t\t\t\t\t\t\t\t\t<\/div>\n\t\t\t\t<\/div>\n\t\t\t\t\t<\/div>\n\t\t<\/div>\n\t\t\t\t\t\t\t<\/div>\n\t\t<\/section>\n\t\t\t\t<section class=\"elementor-section elementor-top-section elementor-element elementor-element-2efaf672 elementor-section-full_width elementor-section-height-default elementor-section-height-default\" data-id=\"2efaf672\" data-element_type=\"section\" data-settings=\"{&quot;background_background&quot;:&quot;gradient&quot;}\">\n\t\t\t\t\t\t<div class=\"elementor-container elementor-column-gap-default\">\n\t\t\t\t\t<div class=\"elementor-column elementor-col-100 elementor-top-column elementor-element elementor-element-ac08411\" data-id=\"ac08411\" data-element_type=\"column\">\n\t\t\t<div class=\"elementor-widget-wrap elementor-element-populated\">\n\t\t\t\t\t\t\t\t<section class=\"elementor-section elementor-inner-section elementor-element elementor-element-d65accf elementor-section-boxed elementor-section-height-default elementor-section-height-default\" data-id=\"d65accf\" data-element_type=\"section\">\n\t\t\t\t\t\t<div class=\"elementor-container elementor-column-gap-default\">\n\t\t\t\t\t<div class=\"elementor-column elementor-col-100 elementor-inner-column elementor-element elementor-element-0fe038e\" data-id=\"0fe038e\" data-element_type=\"column\">\n\t\t\t<div class=\"elementor-widget-wrap elementor-element-populated\">\n\t\t\t\t\t\t\t\t<div class=\"elementor-element elementor-element-457592f9 elementor-widget elementor-widget-heading\" data-id=\"457592f9\" data-element_type=\"widget\" data-widget_type=\"heading.default\">\n\t\t\t\t<div class=\"elementor-widget-container\">\n\t\t\t<h5 class=\"elementor-heading-title elementor-size-default\">Otros<\/h5>\t\t<\/div>\n\t\t\t\t<\/div>\n\t\t\t\t\t<\/div>\n\t\t<\/div>\n\t\t\t\t\t\t\t<\/div>\n\t\t<\/section>\n\t\t\t\t<section class=\"elementor-section elementor-inner-section elementor-element elementor-element-7d96436 elementor-section-full_width elementor-section-height-default elementor-section-height-default\" data-id=\"7d96436\" data-element_type=\"section\">\n\t\t\t\t\t\t<div class=\"elementor-container elementor-column-gap-default\">\n\t\t\t\t\t<div class=\"elementor-column elementor-col-50 elementor-inner-column elementor-element elementor-element-f1aed0b\" data-id=\"f1aed0b\" data-element_type=\"column\">\n\t\t\t<div class=\"elementor-widget-wrap elementor-element-populated\">\n\t\t\t\t\t\t\t\t<div class=\"elementor-element elementor-element-f30030f elementor-widget elementor-widget-image\" data-id=\"f30030f\" data-element_type=\"widget\" data-widget_type=\"image.default\">\n\t\t\t\t<div class=\"elementor-widget-container\">\n\t\t\t\t\t\t\t\t\t\t\t\t\t\t\t<img decoding=\"async\" width=\"100\" height=\"121\" src=\"https:\/\/des.gbsfinance.com\/wp-content\/uploads\/2023\/03\/GC_Endorser_BLUE_RGB_GRADIENT.jpg\" class=\"attachment-large size-large wp-image-24637\" alt=\"\" \/>\t\t\t\t\t\t\t\t\t\t\t\t\t\t\t<\/div>\n\t\t\t\t<\/div>\n\t\t\t\t\t<\/div>\n\t\t<\/div>\n\t\t\t\t<div class=\"elementor-column elementor-col-50 elementor-inner-column elementor-element elementor-element-2e3bc85\" data-id=\"2e3bc85\" data-element_type=\"column\">\n\t\t\t<div class=\"elementor-widget-wrap elementor-element-populated\">\n\t\t\t\t\t\t\t\t<div class=\"elementor-element elementor-element-5cd22f0 elementor-widget elementor-widget-text-editor\" data-id=\"5cd22f0\" data-element_type=\"widget\" data-widget_type=\"text-editor.default\">\n\t\t\t\t<div class=\"elementor-widget-container\">\n\t\t\t\t\t\t\t<p>Las entidades con las que GBS Finance colabora habitualmente en proyectos de responsabilidad social corporativa son: <a href=\"http:\/\/www.fpa.es\/es\/\" target=\"_blank\" rel=\"noopener noreferrer\"><br \/><strong>Fundaci\u00f3n Princesa de Asturias<\/strong><\/a>, <a href=\"http:\/\/www.investforchildren.org\/\" target=\"_blank\" rel=\"noopener noreferrer\"><strong>Invest for Children, \u00a0<\/strong><\/a><a href=\"http:\/\/www.asociacionpolilla.com\/\" target=\"_blank\" rel=\"noopener noreferrer\"><strong>Asociaci\u00f3n de Antiguos Alumnos de los Colegios de la Guardia Civil<\/strong><\/a>,<a href=\"http:\/\/www.specialolympics.es\/\" target=\"_blank\" rel=\"noopener noreferrer\"><strong> Olimpiadas Especiales<\/strong><\/a>,<a href=\"http:\/\/www.unicef.es\/\" target=\"_blank\" rel=\"noopener noreferrer\"><strong> Unicef<\/strong><\/a>,<a href=\"http:\/\/www.fero.org\/\" target=\"_blank\" rel=\"noopener noreferrer\"><strong> Fundaci\u00f3n Fero<\/strong><\/a>,<a href=\"http:\/\/www.leucemiaylinfoma.com\/\" target=\"_blank\" rel=\"noopener noreferrer\"><strong> Fundaci\u00f3n Leucemia y Linfoma<\/strong><br \/><\/a><\/p><p><a href=\"http:\/\/www.leucemiaylinfoma.com\/\" target=\"_blank\" rel=\"noopener noreferrer\">Adem\u00e1s, d<\/a>esde 2015, GBS Finance es miembro firmante del Pacto Mundial de las Naciones Unidas.<\/p>\t\t\t\t\t\t<\/div>\n\t\t\t\t<\/div>\n\t\t\t\t\t<\/div>\n\t\t<\/div>\n\t\t\t\t\t\t\t<\/div>\n\t\t<\/section>\n\t\t\t\t<section class=\"elementor-section elementor-inner-section elementor-element elementor-element-5977dd6 elementor-section-full_width elementor-section-height-default elementor-section-height-default\" data-id=\"5977dd6\" data-element_type=\"section\">\n\t\t\t\t\t\t<div class=\"elementor-container elementor-column-gap-default\">\n\t\t\t\t\t<div class=\"elementor-column elementor-col-50 elementor-inner-column elementor-element elementor-element-b025afb\" data-id=\"b025afb\" data-element_type=\"column\">\n\t\t\t<div class=\"elementor-widget-wrap elementor-element-populated\">\n\t\t\t\t\t\t\t\t<div class=\"elementor-element elementor-element-7087bb3 elementor-widget elementor-widget-image\" data-id=\"7087bb3\" data-element_type=\"widget\" data-widget_type=\"image.default\">\n\t\t\t\t<div class=\"elementor-widget-container\">\n\t\t\t\t\t\t\t\t\t\t\t\t\t\t\t<img decoding=\"async\" width=\"75\" height=\"98\" src=\"https:\/\/des.gbsfinance.com\/wp-content\/uploads\/2023\/03\/download-e1521648693831.jpeg\" class=\"attachment-large size-large wp-image-24635\" alt=\"\" \/>\t\t\t\t\t\t\t\t\t\t\t\t\t\t\t<\/div>\n\t\t\t\t<\/div>\n\t\t\t\t\t<\/div>\n\t\t<\/div>\n\t\t\t\t<div class=\"elementor-column elementor-col-50 elementor-inner-column elementor-element elementor-element-bb5ba0f\" data-id=\"bb5ba0f\" data-element_type=\"column\">\n\t\t\t<div class=\"elementor-widget-wrap elementor-element-populated\">\n\t\t\t\t\t\t\t\t<div class=\"elementor-element elementor-element-fd43e26 elementor-widget elementor-widget-text-editor\" data-id=\"fd43e26\" data-element_type=\"widget\" data-widget_type=\"text-editor.default\">\n\t\t\t\t<div class=\"elementor-widget-container\">\n\t\t\t\t\t\t\t<div id=\"main-content\">\n<article id=\"post-11481\" class=\"post-11481 page type-page status-publish hentry\">\n<div class=\"entry-content\">\n<div class=\"et-l et-l--post\">\n<div class=\"et_builder_inner_content et_pb_gutters3\">\n<div class=\"et_pb_section et_pb_section_1 et_section_regular\">\n<div class=\"et_pb_row et_pb_row_3 et_pb_row_1-4_3-4\">\n<div class=\"et_pb_column et_pb_column_3_4 et_pb_column_7 et_pb_css_mix_blend_mode_passthrough et-last-child\">\n<div class=\"et_pb_module et_pb_text et_pb_text_4 et_pb_text_align_left et_pb_bg_layout_light\">\n<div class=\"et_pb_text_inner\">\n<p>Trabajamos con la Fundaci\u00f3n Best Buddies Colombia desde su creaci\u00f3n, una organizaci\u00f3n dedicada a promover la inclusi\u00f3n social de las personas con discapacidad cognitiva.<\/p>\n<\/div>\n<\/div>\n<\/div>\n<\/div>\n<\/div>\n<\/div>\n<\/div>\n<\/div>\n<\/article>\n<\/div>\n\t\t\t\t\t\t<\/div>\n\t\t\t\t<\/div>\n\t\t\t\t\t<\/div>\n\t\t<\/div>\n\t\t\t\t\t\t\t<\/div>\n\t\t<\/section>\n\t\t\t\t\t<\/div>\n\t\t<\/div>\n\t\t\t\t\t\t\t<\/div>\n\t\t<\/section>\n\t\t\t\t\t\t\t<\/div>\n\t\t","protected":false},"excerpt":{"rendered":"<p>RSC Nuestras actividades empresariales se gu\u00edan siempre por criterios \u00e9ticos y socialmente responsables La gesti\u00f3n de la Responsabilidad Social Corporativa (RSC) de GBS Finance pretende alinear nuestros intereses econ\u00f3micos y sociales en la misma direcci\u00f3n. Por ello, adem\u00e1s del estricto cumplimiento de las obligaciones morales, \u00e9ticas y legales, colaboramos voluntariamente con empresas de acci\u00f3n social [&hellip;]<\/p>\n","protected":false},"author":1,"featured_media":0,"parent":28546,"menu_order":0,"comment_status":"closed","ping_status":"closed","template":"","meta":{"footnotes":""},"class_list":["post-28507","page","type-page","status-publish","hentry"],"acf":[],"_links":{"self":[{"href":"https:\/\/des.gbsfinance.com\/es\/wp-json\/wp\/v2\/pages\/28507","targetHints":{"allow":["GET"]}}],"collection":[{"href":"https:\/\/des.gbsfinance.com\/es\/wp-json\/wp\/v2\/pages"}],"about":[{"href":"https:\/\/des.gbsfinance.com\/es\/wp-json\/wp\/v2\/types\/page"}],"author":[{"embeddable":true,"href":"https:\/\/des.gbsfinance.com\/es\/wp-json\/wp\/v2\/users\/1"}],"replies":[{"embeddable":true,"href":"https:\/\/des.gbsfinance.com\/es\/wp-json\/wp\/v2\/comments?post=28507"}],"version-history":[{"count":14,"href":"https:\/\/des.gbsfinance.com\/es\/wp-json\/wp\/v2\/pages\/28507\/revisions"}],"predecessor-version":[{"id":29148,"href":"https:\/\/des.gbsfinance.com\/es\/wp-json\/wp\/v2\/pages\/28507\/revisions\/29148"}],"up":[{"embeddable":true,"href":"https:\/\/des.gbsfinance.com\/es\/wp-json\/wp\/v2\/pages\/28546"}],"wp:attachment":[{"href":"https:\/\/des.gbsfinance.com\/es\/wp-json\/wp\/v2\/media?parent=28507"}],"curies":[{"name":"wp","href":"https:\/\/api.w.org\/{rel}","templated":true}]}}